{"id":9,"date":"2025-09-03T07:18:23","date_gmt":"2025-09-03T07:18:23","guid":{"rendered":"https:\/\/arnaudandmaria.com\/?page_id=9"},"modified":"2025-11-04T08:59:46","modified_gmt":"2025-11-04T08:59:46","slug":"nuestra-historia","status":"publish","type":"page","link":"https:\/\/arnaudandmaria.com\/fr\/nuestra-historia\/","title":{"rendered":"Notre histoire"},"content":{"rendered":"<div data-elementor-type=\"wp-page\" data-elementor-id=\"9\" class=\"elementor elementor-9\" data-elementor-post-type=\"page\">\n\t\t\t\t<div class=\"elementor-element elementor-element-ed05755 e-con-full e-flex e-con e-parent\" data-id=\"ed05755\" data-element_type=\"container\" data-e-type=\"container\" data-settings=\"{&quot;background_background&quot;:&quot;classic&quot;}\">\n\t\t<div class=\"elementor-element elementor-element-7cb47a0 e-con-full e-flex e-con e-child\" data-id=\"7cb47a0\" data-element_type=\"container\" data-e-type=\"container\">\n\t\t<div class=\"elementor-element elementor-element-b20bdbb e-con-full e-flex e-con e-child\" data-id=\"b20bdbb\" data-element_type=\"container\" data-e-type=\"container\">\n\t\t\t\t<div class=\"elementor-element elementor-element-899e5a4 elementor-widget elementor-widget-image\" data-id=\"899e5a4\" data-element_type=\"widget\" data-e-type=\"widget\" data-widget_type=\"image.default\">\n\t\t\t\t\t\t\t\t\t\t\t\t\t\t\t<img fetchpriority=\"high\" decoding=\"async\" width=\"2449\" height=\"518\" src=\"https:\/\/arnaudandmaria.com\/wp-content\/uploads\/2025\/10\/EUCALIPTO-BANNER-1.png\" class=\"attachment-full size-full wp-image-46\" alt=\"\" srcset=\"https:\/\/arnaudandmaria.com\/wp-content\/uploads\/2025\/10\/EUCALIPTO-BANNER-1.png 2449w, https:\/\/arnaudandmaria.com\/wp-content\/uploads\/2025\/10\/EUCALIPTO-BANNER-1-300x63.png 300w, https:\/\/arnaudandmaria.com\/wp-content\/uploads\/2025\/10\/EUCALIPTO-BANNER-1-1024x217.png 1024w, https:\/\/arnaudandmaria.com\/wp-content\/uploads\/2025\/10\/EUCALIPTO-BANNER-1-768x162.png 768w, https:\/\/arnaudandmaria.com\/wp-content\/uploads\/2025\/10\/EUCALIPTO-BANNER-1-1536x325.png 1536w, https:\/\/arnaudandmaria.com\/wp-content\/uploads\/2025\/10\/EUCALIPTO-BANNER-1-2048x433.png 2048w\" sizes=\"(max-width: 2449px) 100vw, 2449px\" \/>\t\t\t\t\t\t\t\t\t\t\t\t\t\t\t<\/div>\n\t\t\t\t<\/div>\n\t\t\t\t<\/div>\n\t\t<div class=\"elementor-element elementor-element-9409e7f e-con-full elementor-hidden-mobile e-flex e-con e-child\" data-id=\"9409e7f\" data-element_type=\"container\" data-e-type=\"container\">\n\t\t<div class=\"elementor-element elementor-element-d8a3d4d e-con-full e-flex e-con e-child\" data-id=\"d8a3d4d\" data-element_type=\"container\" data-e-type=\"container\">\n\t\t\t\t<div class=\"elementor-element elementor-element-525608a elementor-widget elementor-widget-image\" data-id=\"525608a\" data-element_type=\"widget\" data-e-type=\"widget\" data-widget_type=\"image.default\">\n\t\t\t\t\t\t\t\t\t\t\t\t\t\t\t\t<a href=\"https:\/\/arnaudandmaria.com\/fr\/\">\n\t\t\t\t\t\t\t<img decoding=\"async\" width=\"1021\" height=\"370\" src=\"https:\/\/arnaudandmaria.com\/wp-content\/uploads\/2025\/11\/boton_accueil@300x.png\" class=\"elementor-animation-grow attachment-large size-large wp-image-84\" alt=\"\" srcset=\"https:\/\/arnaudandmaria.com\/wp-content\/uploads\/2025\/11\/boton_accueil@300x.png 1021w, https:\/\/arnaudandmaria.com\/wp-content\/uploads\/2025\/11\/boton_accueil@300x-300x109.png 300w, https:\/\/arnaudandmaria.com\/wp-content\/uploads\/2025\/11\/boton_accueil@300x-768x278.png 768w, https:\/\/arnaudandmaria.com\/wp-content\/uploads\/2025\/11\/boton_accueil@300x-18x7.png 18w\" sizes=\"(max-width: 1021px) 100vw, 1021px\" \/>\t\t\t\t\t\t\t\t<\/a>\n\t\t\t\t\t\t\t\t\t\t\t\t\t\t\t<\/div>\n\t\t\t\t<div class=\"elementor-element elementor-element-9fd077c elementor-widget elementor-widget-image\" data-id=\"9fd077c\" data-element_type=\"widget\" data-e-type=\"widget\" data-widget_type=\"image.default\">\n\t\t\t\t\t\t\t\t\t\t\t\t\t\t\t\t<a href=\"https:\/\/arnaudandmaria.com\/fr\/nuestra-historia\/\">\n\t\t\t\t\t\t\t<img decoding=\"async\" width=\"1021\" height=\"371\" src=\"https:\/\/arnaudandmaria.com\/wp-content\/uploads\/2025\/11\/boton_notrehistoire@300x.png\" class=\"elementor-animation-grow attachment-large size-large wp-image-88\" alt=\"\" srcset=\"https:\/\/arnaudandmaria.com\/wp-content\/uploads\/2025\/11\/boton_notrehistoire@300x.png 1021w, https:\/\/arnaudandmaria.com\/wp-content\/uploads\/2025\/11\/boton_notrehistoire@300x-300x109.png 300w, https:\/\/arnaudandmaria.com\/wp-content\/uploads\/2025\/11\/boton_notrehistoire@300x-768x278.png 768w, https:\/\/arnaudandmaria.com\/wp-content\/uploads\/2025\/11\/boton_notrehistoire@300x-18x7.png 18w\" sizes=\"(max-width: 1021px) 100vw, 1021px\" \/>\t\t\t\t\t\t\t\t<\/a>\n\t\t\t\t\t\t\t\t\t\t\t\t\t\t\t<\/div>\n\t\t\t\t<div class=\"elementor-element elementor-element-584c842 elementor-widget elementor-widget-image\" data-id=\"584c842\" data-element_type=\"widget\" data-e-type=\"widget\" data-widget_type=\"image.default\">\n\t\t\t\t\t\t\t\t\t\t\t\t\t\t\t\t<a href=\"https:\/\/arnaudandmaria.com\/fr\/la-boda\/\">\n\t\t\t\t\t\t\t<img loading=\"lazy\" decoding=\"async\" width=\"1021\" height=\"371\" src=\"https:\/\/arnaudandmaria.com\/wp-content\/uploads\/2025\/11\/boton_notremariage@300x.png\" class=\"elementor-animation-grow attachment-large size-large wp-image-87\" alt=\"\" srcset=\"https:\/\/arnaudandmaria.com\/wp-content\/uploads\/2025\/11\/boton_notremariage@300x.png 1021w, https:\/\/arnaudandmaria.com\/wp-content\/uploads\/2025\/11\/boton_notremariage@300x-300x109.png 300w, https:\/\/arnaudandmaria.com\/wp-content\/uploads\/2025\/11\/boton_notremariage@300x-768x278.png 768w, https:\/\/arnaudandmaria.com\/wp-content\/uploads\/2025\/11\/boton_notremariage@300x-18x7.png 18w\" sizes=\"(max-width: 1021px) 100vw, 1021px\" \/>\t\t\t\t\t\t\t\t<\/a>\n\t\t\t\t\t\t\t\t\t\t\t\t\t\t\t<\/div>\n\t\t\t\t<div class=\"elementor-element elementor-element-4a5f16a elementor-widget elementor-widget-image\" data-id=\"4a5f16a\" data-element_type=\"widget\" data-e-type=\"widget\" data-widget_type=\"image.default\">\n\t\t\t\t\t\t\t\t\t\t\t\t\t\t\t\t<a href=\"https:\/\/arnaudandmaria.com\/fr\/regalo\/\">\n\t\t\t\t\t\t\t<img loading=\"lazy\" decoding=\"async\" width=\"1021\" height=\"370\" src=\"https:\/\/arnaudandmaria.com\/wp-content\/uploads\/2025\/11\/boton_lecadeau@300x.png\" class=\"elementor-animation-grow attachment-large size-large wp-image-89\" alt=\"\" srcset=\"https:\/\/arnaudandmaria.com\/wp-content\/uploads\/2025\/11\/boton_lecadeau@300x.png 1021w, https:\/\/arnaudandmaria.com\/wp-content\/uploads\/2025\/11\/boton_lecadeau@300x-300x109.png 300w, https:\/\/arnaudandmaria.com\/wp-content\/uploads\/2025\/11\/boton_lecadeau@300x-768x278.png 768w, https:\/\/arnaudandmaria.com\/wp-content\/uploads\/2025\/11\/boton_lecadeau@300x-18x7.png 18w\" sizes=\"(max-width: 1021px) 100vw, 1021px\" \/>\t\t\t\t\t\t\t\t<\/a>\n\t\t\t\t\t\t\t\t\t\t\t\t\t\t\t<\/div>\n\t\t\t\t<div class=\"elementor-element elementor-element-7b57e0a elementor-widget elementor-widget-image\" data-id=\"7b57e0a\" data-element_type=\"widget\" data-e-type=\"widget\" data-widget_type=\"image.default\">\n\t\t\t\t\t\t\t\t\t\t\t\t\t\t\t\t<a href=\"https:\/\/arnaudandmaria.com\/fr\/informacion\/\">\n\t\t\t\t\t\t\t<img loading=\"lazy\" decoding=\"async\" width=\"1021\" height=\"371\" src=\"https:\/\/arnaudandmaria.com\/wp-content\/uploads\/2025\/11\/boton_informations@300x.png\" class=\"elementor-animation-grow attachment-large size-large wp-image-85\" alt=\"\" srcset=\"https:\/\/arnaudandmaria.com\/wp-content\/uploads\/2025\/11\/boton_informations@300x.png 1021w, https:\/\/arnaudandmaria.com\/wp-content\/uploads\/2025\/11\/boton_informations@300x-300x109.png 300w, https:\/\/arnaudandmaria.com\/wp-content\/uploads\/2025\/11\/boton_informations@300x-768x278.png 768w, https:\/\/arnaudandmaria.com\/wp-content\/uploads\/2025\/11\/boton_informations@300x-18x7.png 18w\" sizes=\"(max-width: 1021px) 100vw, 1021px\" \/>\t\t\t\t\t\t\t\t<\/a>\n\t\t\t\t\t\t\t\t\t\t\t\t\t\t\t<\/div>\n\t\t\t\t<div class=\"elementor-element elementor-element-d37a210 elementor-widget elementor-widget-image\" data-id=\"d37a210\" data-element_type=\"widget\" data-e-type=\"widget\" data-widget_type=\"image.default\">\n\t\t\t\t\t\t\t\t\t\t\t\t\t\t\t\t<a href=\"https:\/\/arnaudandmaria.com\/fr\/brunch\/\">\n\t\t\t\t\t\t\t<img loading=\"lazy\" decoding=\"async\" width=\"1021\" height=\"370\" src=\"https:\/\/arnaudandmaria.com\/wp-content\/uploads\/2025\/11\/boton_le-brunch@300x.png\" class=\"elementor-animation-grow attachment-large size-large wp-image-234\" alt=\"\" srcset=\"https:\/\/arnaudandmaria.com\/wp-content\/uploads\/2025\/11\/boton_le-brunch@300x.png 1021w, https:\/\/arnaudandmaria.com\/wp-content\/uploads\/2025\/11\/boton_le-brunch@300x-300x109.png 300w, https:\/\/arnaudandmaria.com\/wp-content\/uploads\/2025\/11\/boton_le-brunch@300x-768x278.png 768w, https:\/\/arnaudandmaria.com\/wp-content\/uploads\/2025\/11\/boton_le-brunch@300x-18x7.png 18w\" sizes=\"(max-width: 1021px) 100vw, 1021px\" \/>\t\t\t\t\t\t\t\t<\/a>\n\t\t\t\t\t\t\t\t\t\t\t\t\t\t\t<\/div>\n\t\t\t\t<\/div>\n\t\t\t\t<\/div>\n\t\t\t\t<\/div>\n\t\t<div class=\"elementor-element elementor-element-471e8fc e-flex e-con-boxed e-con e-parent\" data-id=\"471e8fc\" data-element_type=\"container\" data-e-type=\"container\">\n\t\t\t\t\t<div class=\"e-con-inner\">\n\t\t<div class=\"elementor-element elementor-element-ac84ebf e-con-full e-flex e-con e-child\" data-id=\"ac84ebf\" data-element_type=\"container\" data-e-type=\"container\">\n\t\t<div class=\"elementor-element elementor-element-8cfa9b9 e-con-full e-flex e-con e-child\" data-id=\"8cfa9b9\" data-element_type=\"container\" data-e-type=\"container\">\n\t\t\t\t<div class=\"elementor-element elementor-element-e38624e elementor-widget elementor-widget-heading\" data-id=\"e38624e\" data-element_type=\"widget\" data-e-type=\"widget\" data-widget_type=\"heading.default\">\n\t\t\t\t\t<h2 class=\"elementor-heading-title elementor-size-default\">Le fil rouge par Maria &amp; Arnaud<\/h2>\t\t\t\t<\/div>\n\t\t\t\t<div class=\"elementor-element elementor-element-2c940e5 elementor-widget elementor-widget-text-editor\" data-id=\"2c940e5\" data-element_type=\"widget\" data-e-type=\"widget\" data-widget_type=\"text-editor.default\">\n\t\t\t\t\t\t\t\t\t<p>On dit que les \u00e2mes destin\u00e9es \u00e0 se rencontrer sont li\u00e9es par un fil rouge invisible.<br \/>Un fil qui peut se tendre, s'emm\u00ealer, voire s'\u00e9loigner pendant un certain temps... mais...\u00a0<strong>ne jamais se briser<\/strong>.<\/p><p>Et le 8 d\u00e9cembre 2022, ce fil a d\u00e9cid\u00e9 de devenir visible entre Bruxelles et Madrid.<\/p><p>Tout a commenc\u00e9 par \u00abIl fait froid ici !<br \/>Une phrase simple, presque d\u00e9sinvolte, mais qui porte en elle la chaleur de tout ce qui est \u00e0 venir.<br \/>\u00c0 partir de ce moment, le\u00a0<strong>la chaleur de l'amour<\/strong>\u00a0ne les a pas laiss\u00e9s partir.<\/p>\t\t\t\t\t\t\t\t<\/div>\n\t\t\t\t<\/div>\n\t\t<div class=\"elementor-element elementor-element-9cc82e5 e-con-full e-flex e-con e-child\" data-id=\"9cc82e5\" data-element_type=\"container\" data-e-type=\"container\">\n\t\t\t\t<div class=\"elementor-element elementor-element-9414886 elementor-widget elementor-widget-image\" data-id=\"9414886\" data-element_type=\"widget\" data-e-type=\"widget\" data-widget_type=\"image.default\">\n\t\t\t\t\t\t\t\t\t\t\t\t\t\t\t<img loading=\"lazy\" decoding=\"async\" width=\"1024\" height=\"1024\" src=\"https:\/\/arnaudandmaria.com\/wp-content\/uploads\/2025\/11\/MAPA_conhilo-1024x1024.png\" class=\"attachment-large size-large wp-image-325\" alt=\"\" srcset=\"https:\/\/arnaudandmaria.com\/wp-content\/uploads\/2025\/11\/MAPA_conhilo-1024x1024.png 1024w, https:\/\/arnaudandmaria.com\/wp-content\/uploads\/2025\/11\/MAPA_conhilo-300x300.png 300w, https:\/\/arnaudandmaria.com\/wp-content\/uploads\/2025\/11\/MAPA_conhilo-150x150.png 150w, https:\/\/arnaudandmaria.com\/wp-content\/uploads\/2025\/11\/MAPA_conhilo-768x768.png 768w, https:\/\/arnaudandmaria.com\/wp-content\/uploads\/2025\/11\/MAPA_conhilo-1536x1536.png 1536w\" sizes=\"(max-width: 1024px) 100vw, 1024px\" \/>\t\t\t\t\t\t\t\t\t\t\t\t\t\t\t<\/div>\n\t\t\t\t<\/div>\n\t\t\t\t<\/div>\n\t\t<div class=\"elementor-element elementor-element-0015dce e-con-full e-flex e-con e-child\" data-id=\"0015dce\" data-element_type=\"container\" data-e-type=\"container\">\n\t\t<div class=\"elementor-element elementor-element-897ba64 e-con-full e-flex e-con e-child\" data-id=\"897ba64\" data-element_type=\"container\" data-e-type=\"container\">\n\t\t\t\t<div class=\"elementor-element elementor-element-867ff6a elementor-widget elementor-widget-text-editor\" data-id=\"867ff6a\" data-element_type=\"widget\" data-e-type=\"widget\" data-widget_type=\"text-editor.default\">\n\t\t\t\t\t\t\t\t\t<p>Maria se promenait dans Bruxelles, la ville qui murmurait depuis des ann\u00e9es des promesses de nouveaux d\u00e9parts. Au milieu des rues anim\u00e9es et des lueurs hivernales, elle s'est arr\u00eat\u00e9e devant le c\u00e9l\u00e8bre mus\u00e9e de l'art contemporain.\u00a0<strong>Manneken Pis<\/strong>.<br \/>C'est l\u00e0, au milieu des rires et des pompiers qui c\u00e9l\u00e8brent Santa Barbara, que le destin a jou\u00e9 son coup de ma\u00eetre :\u00a0<strong>Arnaud est apparu<\/strong>.<\/p><p>V\u00eatu de sa tenue de soir\u00e9e et arborant un sourire timide, il s'est approch\u00e9 de Maria.<br \/>\u00abIl fait froid ici\u00bb, dit-il dans un espagnol courageux et charmant.<br \/>Et oui, cela a bris\u00e9 la glace, mais cela a aussi d\u00e9clench\u00e9 quelque chose de bien plus grand.<br \/>Elle a souri... et, pendant une seconde,\u00a0<strong>le monde semblait sourire avec eux<\/strong>.<\/p><p>Une semaine plus tard, Arnaud s'envole pour Madrid.<br \/>Un mois plus tard, Maria est retourn\u00e9e \u00e0 Bruxelles.<br \/>Et trois mois plus tard...\u00a0<strong>il n'est jamais reparti<\/strong>.<\/p>\t\t\t\t\t\t\t\t<\/div>\n\t\t<div class=\"elementor-element elementor-element-c46470a e-con-full elementor-hidden-desktop elementor-hidden-tablet e-flex e-con e-child\" data-id=\"c46470a\" data-element_type=\"container\" data-e-type=\"container\">\n\t\t\t\t<\/div>\n\t\t\t\t<\/div>\n\t\t<div class=\"elementor-element elementor-element-dd50f20 e-con-full elementor-hidden-mobile e-flex e-con e-child\" data-id=\"dd50f20\" data-element_type=\"container\" data-e-type=\"container\">\n\t\t\t\t<div class=\"elementor-element elementor-element-1ba2334 elementor-widget elementor-widget-image\" data-id=\"1ba2334\" data-element_type=\"widget\" data-e-type=\"widget\" data-widget_type=\"image.default\">\n\t\t\t\t\t\t\t\t\t\t\t\t\t\t\t<img loading=\"lazy\" decoding=\"async\" width=\"629\" height=\"629\" src=\"https:\/\/arnaudandmaria.com\/wp-content\/uploads\/2025\/10\/bruselas.png\" class=\"attachment-large size-large wp-image-29\" alt=\"\" srcset=\"https:\/\/arnaudandmaria.com\/wp-content\/uploads\/2025\/10\/bruselas.png 629w, https:\/\/arnaudandmaria.com\/wp-content\/uploads\/2025\/10\/bruselas-300x300.png 300w, https:\/\/arnaudandmaria.com\/wp-content\/uploads\/2025\/10\/bruselas-150x150.png 150w\" sizes=\"(max-width: 629px) 100vw, 629px\" \/>\t\t\t\t\t\t\t\t\t\t\t\t\t\t\t<\/div>\n\t\t\t\t<\/div>\n\t\t\t\t<\/div>\n\t\t<div class=\"elementor-element elementor-element-aaa2aa8 e-con-full e-flex e-con e-child\" data-id=\"aaa2aa8\" data-element_type=\"container\" data-e-type=\"container\">\n\t\t<div class=\"elementor-element elementor-element-08b0e8b e-con-full e-flex e-con e-child\" data-id=\"08b0e8b\" data-element_type=\"container\" data-e-type=\"container\">\n\t\t\t\t<div class=\"elementor-element elementor-element-c27bacc elementor-widget elementor-widget-text-editor\" data-id=\"c27bacc\" data-element_type=\"widget\" data-e-type=\"widget\" data-widget_type=\"text-editor.default\">\n\t\t\t\t\t\t\t\t\t<p><br \/>Car parfois, il ne s'agit pas de trouver un endroit, mais de trouver une place.\u00a0<strong>de trouver la personne qui fait de n'importe quel endroit un foyer<\/strong>.<br \/>Bien s\u00fbr, avec Ron - son ins\u00e9parable compagnon \u00e0 quatre pattes - qui m\u00e8ne l'aventure. \ud83d\udc3e<\/p><p>Leurs premi\u00e8res conversations sont une carte de langues qui se croisent : espagnol, fran\u00e7ais, anglais et des rires \u00e0 n'en plus finir.<br \/>Mais l'amour, avec sa patience infinie, traduit tout.<br \/>Et en peu de temps, Maria parlait le fran\u00e7ais avec l'accent de quelqu'un qui l'a appris avec son c\u0153ur.<\/p>\t\t\t\t\t\t\t\t<\/div>\n\t\t<div class=\"elementor-element elementor-element-810d6ba e-con-full elementor-hidden-desktop elementor-hidden-tablet e-flex e-con e-child\" data-id=\"810d6ba\" data-element_type=\"container\" data-e-type=\"container\">\n\t\t\t\t<\/div>\n\t\t\t\t<\/div>\n\t\t<div class=\"elementor-element elementor-element-60ae955 e-con-full e-flex e-con e-child\" data-id=\"60ae955\" data-element_type=\"container\" data-e-type=\"container\">\n\t\t\t\t<div class=\"elementor-element elementor-element-1231269 elementor-widget elementor-widget-image\" data-id=\"1231269\" data-element_type=\"widget\" data-e-type=\"widget\" data-widget_type=\"image.default\">\n\t\t\t\t\t\t\t\t\t\t\t\t\t\t\t<img loading=\"lazy\" decoding=\"async\" width=\"400\" height=\"400\" src=\"https:\/\/arnaudandmaria.com\/wp-content\/uploads\/2025\/10\/maletas.png\" class=\"attachment-large size-large wp-image-34\" alt=\"\" srcset=\"https:\/\/arnaudandmaria.com\/wp-content\/uploads\/2025\/10\/maletas.png 400w, https:\/\/arnaudandmaria.com\/wp-content\/uploads\/2025\/10\/maletas-300x300.png 300w, https:\/\/arnaudandmaria.com\/wp-content\/uploads\/2025\/10\/maletas-150x150.png 150w\" sizes=\"(max-width: 400px) 100vw, 400px\" \/>\t\t\t\t\t\t\t\t\t\t\t\t\t\t\t<\/div>\n\t\t\t\t<\/div>\n\t\t\t\t<\/div>\n\t\t<div class=\"elementor-element elementor-element-f16217a e-con-full e-flex e-con e-child\" data-id=\"f16217a\" data-element_type=\"container\" data-e-type=\"container\">\n\t\t<div class=\"elementor-element elementor-element-583a1d2 e-con-full e-flex e-con e-child\" data-id=\"583a1d2\" data-element_type=\"container\" data-e-type=\"container\">\n\t\t\t\t<div class=\"elementor-element elementor-element-aa743e0 elementor-widget elementor-widget-text-editor\" data-id=\"aa743e0\" data-element_type=\"widget\" data-e-type=\"widget\" data-widget_type=\"text-editor.default\">\n\t\t\t\t\t\t\t\t\t<p>Depuis lors, ils n'ont plus \u00e9t\u00e9 s\u00e9par\u00e9s.<br \/>Ils ont partag\u00e9 des rires, des voyages, des projets, des silences confortables et cette complicit\u00e9 qui n'existe que lorsque deux \u00e2mes se reconnaissent.<br \/>Le fil rouge est toujours l\u00e0, fort et serein, tissant son histoire avec la m\u00eame magie qu'au premier jour.<\/p><p>Aujourd'hui, cette histoire s'\u00e9crit sur une nouvelle page, lumineuse et \u00e9ternelle :<br \/>\u00a0<strong>Maria et Arnaud se marient.<\/strong><\/p><p>Ils f\u00eateront ce jour entour\u00e9s de ceux qu'ils aiment le plus, le jour le plus sp\u00e9cial de leur vie.<\/p>\t\t\t\t\t\t\t\t<\/div>\n\t\t<div class=\"elementor-element elementor-element-026227e e-con-full elementor-hidden-desktop elementor-hidden-tablet e-flex e-con e-child\" data-id=\"026227e\" data-element_type=\"container\" data-e-type=\"container\">\n\t\t\t\t<\/div>\n\t\t\t\t<\/div>\n\t\t<div class=\"elementor-element elementor-element-fd4b252 e-con-full e-flex e-con e-child\" data-id=\"fd4b252\" data-element_type=\"container\" data-e-type=\"container\">\n\t\t\t\t<div class=\"elementor-element elementor-element-c73c76e elementor-widget elementor-widget-image\" data-id=\"c73c76e\" data-element_type=\"widget\" data-e-type=\"widget\" data-widget_type=\"image.default\">\n\t\t\t\t\t\t\t\t\t\t\t\t\t\t\t<img loading=\"lazy\" decoding=\"async\" width=\"578\" height=\"867\" src=\"https:\/\/arnaudandmaria.com\/wp-content\/uploads\/2025\/10\/silla-con-globo.png\" class=\"attachment-large size-large wp-image-36\" alt=\"\" srcset=\"https:\/\/arnaudandmaria.com\/wp-content\/uploads\/2025\/10\/silla-con-globo.png 578w, https:\/\/arnaudandmaria.com\/wp-content\/uploads\/2025\/10\/silla-con-globo-200x300.png 200w\" sizes=\"(max-width: 578px) 100vw, 578px\" \/>\t\t\t\t\t\t\t\t\t\t\t\t\t\t\t<\/div>\n\t\t\t\t<\/div>\n\t\t\t\t<\/div>\n\t\t\t\t\t<\/div>\n\t\t\t\t<\/div>\n\t\t\t\t<\/div>","protected":false},"excerpt":{"rendered":"<p>El hilo rojo de Mar\u00eda &amp; Arnaud Dicen que las almas destinadas a encontrarse est\u00e1n unidas por un hilo rojo [&hellip;]<\/p>","protected":false},"author":1,"featured_media":0,"parent":0,"menu_order":0,"comment_status":"closed","ping_status":"closed","template":"elementor_header_footer","meta":{"site-sidebar-layout":"no-sidebar","site-content-layout":"","ast-site-content-layout":"full-width-container","site-content-style":"default","site-sidebar-style":"default","ast-global-header-display":"","ast-banner-title-visibility":"","ast-main-header-display":"","ast-hfb-above-header-display":"","ast-hfb-below-header-display":"","ast-hfb-mobile-header-display":"","site-post-title":"disabled","ast-breadcrumbs-content":"","ast-featured-img":"disabled","footer-sml-layout":"","ast-disable-related-posts":"","theme-transparent-header-meta":"","adv-header-id-meta":"","stick-header-meta":"","header-above-stick-meta":"","header-main-stick-meta":"","header-below-stick-meta":"","astra-migrate-meta-layouts":"default","ast-page-background-enabled":"default","ast-page-background-meta":{"desktop":{"background-color":"var(--ast-global-color-5)","background-image":"","background-repeat":"repeat","background-position":"center center","background-size":"auto","background-attachment":"scroll","background-type":"","background-media":"","overlay-type":"","overlay-color":"","overlay-opacity":"","overlay-gradient":""},"tablet":{"background-color":"","background-image":"","background-repeat":"repeat","background-position":"center center","background-size":"auto","background-attachment":"scroll","background-type":"","background-media":"","overlay-type":"","overlay-color":"","overlay-opacity":"","overlay-gradient":""},"mobile":{"background-color":"","background-image":"","background-repeat":"repeat","background-position":"center center","background-size":"auto","background-attachment":"scroll","background-type":"","background-media":"","overlay-type":"","overlay-color":"","overlay-opacity":"","overlay-gradient":""}},"ast-content-background-meta":{"desktop":{"background-color":"var(--ast-global-color-4)","background-image":"","background-repeat":"repeat","background-position":"center center","background-size":"auto","background-attachment":"scroll","background-type":"","background-media":"","overlay-type":"","overlay-color":"","overlay-opacity":"","overlay-gradient":""},"tablet":{"background-color":"var(--ast-global-color-4)","background-image":"","background-repeat":"repeat","background-position":"center center","background-size":"auto","background-attachment":"scroll","background-type":"","background-media":"","overlay-type":"","overlay-color":"","overlay-opacity":"","overlay-gradient":""},"mobile":{"background-color":"var(--ast-global-color-4)","background-image":"","background-repeat":"repeat","background-position":"center center","background-size":"auto","background-attachment":"scroll","background-type":"","background-media":"","overlay-type":"","overlay-color":"","overlay-opacity":"","overlay-gradient":""}},"footnotes":""},"class_list":["post-9","page","type-page","status-publish","hentry"],"_links":{"self":[{"href":"https:\/\/arnaudandmaria.com\/fr\/wp-json\/wp\/v2\/pages\/9","targetHints":{"allow":["GET"]}}],"collection":[{"href":"https:\/\/arnaudandmaria.com\/fr\/wp-json\/wp\/v2\/pages"}],"about":[{"href":"https:\/\/arnaudandmaria.com\/fr\/wp-json\/wp\/v2\/types\/page"}],"author":[{"embeddable":true,"href":"https:\/\/arnaudandmaria.com\/fr\/wp-json\/wp\/v2\/users\/1"}],"replies":[{"embeddable":true,"href":"https:\/\/arnaudandmaria.com\/fr\/wp-json\/wp\/v2\/comments?post=9"}],"version-history":[{"count":65,"href":"https:\/\/arnaudandmaria.com\/fr\/wp-json\/wp\/v2\/pages\/9\/revisions"}],"predecessor-version":[{"id":538,"href":"https:\/\/arnaudandmaria.com\/fr\/wp-json\/wp\/v2\/pages\/9\/revisions\/538"}],"wp:attachment":[{"href":"https:\/\/arnaudandmaria.com\/fr\/wp-json\/wp\/v2\/media?parent=9"}],"curies":[{"name":"wp","href":"https:\/\/api.w.org\/{rel}","templated":true}]}}