{"id":66,"date":"2025-10-27T08:22:58","date_gmt":"2025-10-27T08:22:58","guid":{"rendered":"https:\/\/arnaudandmaria.com\/?page_id=66"},"modified":"2025-11-04T09:18:10","modified_gmt":"2025-11-04T09:18:10","slug":"arnaud-y-maria","status":"publish","type":"page","link":"https:\/\/arnaudandmaria.com\/fr\/","title":{"rendered":"Arnaud et Maria"},"content":{"rendered":"<div data-elementor-type=\"wp-page\" data-elementor-id=\"66\" class=\"elementor elementor-66\" data-elementor-post-type=\"page\">\n\t\t\t\t<div class=\"elementor-element elementor-element-276fc33a e-con-full e-flex e-con e-child\" data-id=\"276fc33a\" data-element_type=\"container\" data-e-type=\"container\">\n\t\t\t\t<div class=\"elementor-element elementor-element-a772523 elementor-widget elementor-widget-image\" data-id=\"a772523\" data-element_type=\"widget\" data-e-type=\"widget\" data-widget_type=\"image.default\">\n\t\t\t\t\t\t\t\t\t\t\t\t\t\t\t<img fetchpriority=\"high\" decoding=\"async\" width=\"2449\" height=\"518\" src=\"https:\/\/arnaudandmaria.com\/wp-content\/uploads\/2025\/10\/EUCALIPTO-BANNER-1.png\" class=\"attachment-full size-full wp-image-46\" alt=\"\" srcset=\"https:\/\/arnaudandmaria.com\/wp-content\/uploads\/2025\/10\/EUCALIPTO-BANNER-1.png 2449w, https:\/\/arnaudandmaria.com\/wp-content\/uploads\/2025\/10\/EUCALIPTO-BANNER-1-300x63.png 300w, https:\/\/arnaudandmaria.com\/wp-content\/uploads\/2025\/10\/EUCALIPTO-BANNER-1-1024x217.png 1024w, https:\/\/arnaudandmaria.com\/wp-content\/uploads\/2025\/10\/EUCALIPTO-BANNER-1-768x162.png 768w, https:\/\/arnaudandmaria.com\/wp-content\/uploads\/2025\/10\/EUCALIPTO-BANNER-1-1536x325.png 1536w, https:\/\/arnaudandmaria.com\/wp-content\/uploads\/2025\/10\/EUCALIPTO-BANNER-1-2048x433.png 2048w\" sizes=\"(max-width: 2449px) 100vw, 2449px\" \/>\t\t\t\t\t\t\t\t\t\t\t\t\t\t\t<\/div>\n\t\t\t\t<\/div>\n\t\t<div class=\"elementor-element elementor-element-8848e2d e-con-full e-flex e-con e-parent\" data-id=\"8848e2d\" data-element_type=\"container\" data-e-type=\"container\">\n\t\t<div class=\"elementor-element elementor-element-45aadd4 e-con-full e-flex e-con e-child\" data-id=\"45aadd4\" data-element_type=\"container\" data-e-type=\"container\">\n\t\t<div class=\"elementor-element elementor-element-b120724 e-con-full e-flex e-con e-child\" data-id=\"b120724\" data-element_type=\"container\" data-e-type=\"container\">\n\t\t\t\t<div class=\"elementor-element elementor-element-8f5e3d2 elementor-widget elementor-widget-heading\" data-id=\"8f5e3d2\" data-element_type=\"widget\" data-e-type=\"widget\" data-widget_type=\"heading.default\">\n\t\t\t\t\t<h2 class=\"elementor-heading-title elementor-size-default\">Maria <br>&amp;<br> Arnaud<\/h2>\t\t\t\t<\/div>\n\t\t\t\t<\/div>\n\t\t<div class=\"elementor-element elementor-element-a2d88cb e-con-full e-flex e-con e-child\" data-id=\"a2d88cb\" data-element_type=\"container\" data-e-type=\"container\">\n\t\t\t\t<div class=\"elementor-element elementor-element-25711de elementor-widget elementor-widget-image\" data-id=\"25711de\" data-element_type=\"widget\" data-e-type=\"widget\" data-widget_type=\"image.default\">\n\t\t\t\t\t\t\t\t\t\t\t\t\t\t\t<img decoding=\"async\" width=\"1024\" height=\"931\" src=\"https:\/\/arnaudandmaria.com\/wp-content\/uploads\/2025\/10\/IMAGEN-HOME@300x-1024x931.png\" class=\"attachment-large size-large wp-image-83\" alt=\"\" srcset=\"https:\/\/arnaudandmaria.com\/wp-content\/uploads\/2025\/10\/IMAGEN-HOME@300x-1024x931.png 1024w, https:\/\/arnaudandmaria.com\/wp-content\/uploads\/2025\/10\/IMAGEN-HOME@300x-300x273.png 300w, https:\/\/arnaudandmaria.com\/wp-content\/uploads\/2025\/10\/IMAGEN-HOME@300x-768x698.png 768w, https:\/\/arnaudandmaria.com\/wp-content\/uploads\/2025\/10\/IMAGEN-HOME@300x-1536x1397.png 1536w, https:\/\/arnaudandmaria.com\/wp-content\/uploads\/2025\/10\/IMAGEN-HOME@300x-2048x1862.png 2048w\" sizes=\"(max-width: 1024px) 100vw, 1024px\" \/>\t\t\t\t\t\t\t\t\t\t\t\t\t\t\t<\/div>\n\t\t\t\t<\/div>\n\t\t<div class=\"elementor-element elementor-element-8d51bb7 e-con-full e-flex e-con e-child\" data-id=\"8d51bb7\" data-element_type=\"container\" data-e-type=\"container\">\n\t\t\t\t<div class=\"elementor-element elementor-element-ed8c514 elementor-widget elementor-widget-heading\" data-id=\"ed8c514\" data-element_type=\"widget\" data-e-type=\"widget\" data-widget_type=\"heading.default\">\n\t\t\t\t\t<h2 class=\"elementor-heading-title elementor-size-default\">Nous nous marions !<\/h2>\t\t\t\t<\/div>\n\t\t\t\t<div class=\"elementor-element elementor-element-c17f583 elementor-widget elementor-widget-image\" data-id=\"c17f583\" data-element_type=\"widget\" data-e-type=\"widget\" data-widget_type=\"image.default\">\n\t\t\t\t\t\t\t\t\t\t\t\t\t\t\t<img decoding=\"async\" width=\"133\" height=\"110\" src=\"https:\/\/arnaudandmaria.com\/wp-content\/uploads\/2025\/10\/anillos.png\" class=\"attachment-large size-large wp-image-26\" alt=\"\" \/>\t\t\t\t\t\t\t\t\t\t\t\t\t\t\t<\/div>\n\t\t\t\t<div class=\"elementor-element elementor-element-0fae107 elementor-widget elementor-widget-heading\" data-id=\"0fae107\" data-element_type=\"widget\" data-e-type=\"widget\" data-widget_type=\"heading.default\">\n\t\t\t\t\t<h2 class=\"elementor-heading-title elementor-size-default\">03.07.2026<\/h2>\t\t\t\t<\/div>\n\t\t\t\t<\/div>\n\t\t\t\t<\/div>\n\t\t\t\t<\/div>\n\t\t<div class=\"elementor-element elementor-element-4febd768 e-con-full elementor-hidden-mobile e-flex e-con e-child\" data-id=\"4febd768\" data-element_type=\"container\" data-e-type=\"container\">\n\t\t<div class=\"elementor-element elementor-element-6ab1ca16 e-con-full e-flex e-con e-child\" data-id=\"6ab1ca16\" data-element_type=\"container\" data-e-type=\"container\">\n\t\t\t\t<div class=\"elementor-element elementor-element-459f8544 elementor-widget elementor-widget-image\" data-id=\"459f8544\" data-element_type=\"widget\" data-e-type=\"widget\" data-widget_type=\"image.default\">\n\t\t\t\t\t\t\t\t\t\t\t\t\t\t\t\t<a href=\"https:\/\/arnaudandmaria.com\/fr\/\">\n\t\t\t\t\t\t\t<img loading=\"lazy\" decoding=\"async\" width=\"1021\" height=\"370\" src=\"https:\/\/arnaudandmaria.com\/wp-content\/uploads\/2025\/11\/boton_accueil@300x.png\" class=\"elementor-animation-grow attachment-large size-large wp-image-84\" alt=\"\" srcset=\"https:\/\/arnaudandmaria.com\/wp-content\/uploads\/2025\/11\/boton_accueil@300x.png 1021w, https:\/\/arnaudandmaria.com\/wp-content\/uploads\/2025\/11\/boton_accueil@300x-300x109.png 300w, https:\/\/arnaudandmaria.com\/wp-content\/uploads\/2025\/11\/boton_accueil@300x-768x278.png 768w, https:\/\/arnaudandmaria.com\/wp-content\/uploads\/2025\/11\/boton_accueil@300x-18x7.png 18w\" sizes=\"(max-width: 1021px) 100vw, 1021px\" \/>\t\t\t\t\t\t\t\t<\/a>\n\t\t\t\t\t\t\t\t\t\t\t\t\t\t\t<\/div>\n\t\t\t\t<div class=\"elementor-element elementor-element-3fc1ab1c elementor-widget elementor-widget-image\" data-id=\"3fc1ab1c\" data-element_type=\"widget\" data-e-type=\"widget\" data-widget_type=\"image.default\">\n\t\t\t\t\t\t\t\t\t\t\t\t\t\t\t\t<a href=\"https:\/\/arnaudandmaria.com\/fr\/nuestra-historia\/\">\n\t\t\t\t\t\t\t<img loading=\"lazy\" decoding=\"async\" width=\"1021\" height=\"371\" src=\"https:\/\/arnaudandmaria.com\/wp-content\/uploads\/2025\/11\/boton_notrehistoire@300x.png\" class=\"elementor-animation-grow attachment-large size-large wp-image-88\" alt=\"\" srcset=\"https:\/\/arnaudandmaria.com\/wp-content\/uploads\/2025\/11\/boton_notrehistoire@300x.png 1021w, https:\/\/arnaudandmaria.com\/wp-content\/uploads\/2025\/11\/boton_notrehistoire@300x-300x109.png 300w, https:\/\/arnaudandmaria.com\/wp-content\/uploads\/2025\/11\/boton_notrehistoire@300x-768x278.png 768w, https:\/\/arnaudandmaria.com\/wp-content\/uploads\/2025\/11\/boton_notrehistoire@300x-18x7.png 18w\" sizes=\"(max-width: 1021px) 100vw, 1021px\" \/>\t\t\t\t\t\t\t\t<\/a>\n\t\t\t\t\t\t\t\t\t\t\t\t\t\t\t<\/div>\n\t\t\t\t<div class=\"elementor-element elementor-element-5a32b12d elementor-widget elementor-widget-image\" data-id=\"5a32b12d\" data-element_type=\"widget\" data-e-type=\"widget\" data-widget_type=\"image.default\">\n\t\t\t\t\t\t\t\t\t\t\t\t\t\t\t\t<a href=\"https:\/\/arnaudandmaria.com\/fr\/la-boda\/\">\n\t\t\t\t\t\t\t<img loading=\"lazy\" decoding=\"async\" width=\"1021\" height=\"371\" src=\"https:\/\/arnaudandmaria.com\/wp-content\/uploads\/2025\/11\/boton_notremariage@300x.png\" class=\"elementor-animation-grow attachment-large size-large wp-image-87\" alt=\"\" srcset=\"https:\/\/arnaudandmaria.com\/wp-content\/uploads\/2025\/11\/boton_notremariage@300x.png 1021w, https:\/\/arnaudandmaria.com\/wp-content\/uploads\/2025\/11\/boton_notremariage@300x-300x109.png 300w, https:\/\/arnaudandmaria.com\/wp-content\/uploads\/2025\/11\/boton_notremariage@300x-768x278.png 768w, https:\/\/arnaudandmaria.com\/wp-content\/uploads\/2025\/11\/boton_notremariage@300x-18x7.png 18w\" sizes=\"(max-width: 1021px) 100vw, 1021px\" \/>\t\t\t\t\t\t\t\t<\/a>\n\t\t\t\t\t\t\t\t\t\t\t\t\t\t\t<\/div>\n\t\t\t\t<div class=\"elementor-element elementor-element-4c44291d elementor-widget elementor-widget-image\" data-id=\"4c44291d\" data-element_type=\"widget\" data-e-type=\"widget\" data-widget_type=\"image.default\">\n\t\t\t\t\t\t\t\t\t\t\t\t\t\t\t\t<a href=\"https:\/\/arnaudandmaria.com\/fr\/regalo\/\">\n\t\t\t\t\t\t\t<img loading=\"lazy\" decoding=\"async\" width=\"1021\" height=\"370\" src=\"https:\/\/arnaudandmaria.com\/wp-content\/uploads\/2025\/11\/boton_lecadeau@300x.png\" class=\"elementor-animation-grow attachment-large size-large wp-image-89\" alt=\"\" srcset=\"https:\/\/arnaudandmaria.com\/wp-content\/uploads\/2025\/11\/boton_lecadeau@300x.png 1021w, https:\/\/arnaudandmaria.com\/wp-content\/uploads\/2025\/11\/boton_lecadeau@300x-300x109.png 300w, https:\/\/arnaudandmaria.com\/wp-content\/uploads\/2025\/11\/boton_lecadeau@300x-768x278.png 768w, https:\/\/arnaudandmaria.com\/wp-content\/uploads\/2025\/11\/boton_lecadeau@300x-18x7.png 18w\" sizes=\"(max-width: 1021px) 100vw, 1021px\" \/>\t\t\t\t\t\t\t\t<\/a>\n\t\t\t\t\t\t\t\t\t\t\t\t\t\t\t<\/div>\n\t\t\t\t<div class=\"elementor-element elementor-element-7ee6fb69 elementor-widget elementor-widget-image\" data-id=\"7ee6fb69\" data-element_type=\"widget\" data-e-type=\"widget\" data-widget_type=\"image.default\">\n\t\t\t\t\t\t\t\t\t\t\t\t\t\t\t\t<a href=\"https:\/\/arnaudandmaria.com\/fr\/informacion\/\">\n\t\t\t\t\t\t\t<img loading=\"lazy\" decoding=\"async\" width=\"1021\" height=\"371\" src=\"https:\/\/arnaudandmaria.com\/wp-content\/uploads\/2025\/11\/boton_informations@300x.png\" class=\"elementor-animation-grow attachment-large size-large wp-image-85\" alt=\"\" srcset=\"https:\/\/arnaudandmaria.com\/wp-content\/uploads\/2025\/11\/boton_informations@300x.png 1021w, https:\/\/arnaudandmaria.com\/wp-content\/uploads\/2025\/11\/boton_informations@300x-300x109.png 300w, https:\/\/arnaudandmaria.com\/wp-content\/uploads\/2025\/11\/boton_informations@300x-768x278.png 768w, https:\/\/arnaudandmaria.com\/wp-content\/uploads\/2025\/11\/boton_informations@300x-18x7.png 18w\" sizes=\"(max-width: 1021px) 100vw, 1021px\" \/>\t\t\t\t\t\t\t\t<\/a>\n\t\t\t\t\t\t\t\t\t\t\t\t\t\t\t<\/div>\n\t\t\t\t<div class=\"elementor-element elementor-element-083fcc7 elementor-widget elementor-widget-image\" data-id=\"083fcc7\" data-element_type=\"widget\" data-e-type=\"widget\" data-widget_type=\"image.default\">\n\t\t\t\t\t\t\t\t\t\t\t\t\t\t\t\t<a href=\"https:\/\/arnaudandmaria.com\/fr\/brunch\/\">\n\t\t\t\t\t\t\t<img loading=\"lazy\" decoding=\"async\" width=\"1021\" height=\"370\" src=\"https:\/\/arnaudandmaria.com\/wp-content\/uploads\/2025\/11\/boton_le-brunch@300x.png\" class=\"elementor-animation-grow attachment-large size-large wp-image-234\" alt=\"\" srcset=\"https:\/\/arnaudandmaria.com\/wp-content\/uploads\/2025\/11\/boton_le-brunch@300x.png 1021w, https:\/\/arnaudandmaria.com\/wp-content\/uploads\/2025\/11\/boton_le-brunch@300x-300x109.png 300w, https:\/\/arnaudandmaria.com\/wp-content\/uploads\/2025\/11\/boton_le-brunch@300x-768x278.png 768w, https:\/\/arnaudandmaria.com\/wp-content\/uploads\/2025\/11\/boton_le-brunch@300x-18x7.png 18w\" sizes=\"(max-width: 1021px) 100vw, 1021px\" \/>\t\t\t\t\t\t\t\t<\/a>\n\t\t\t\t\t\t\t\t\t\t\t\t\t\t\t<\/div>\n\t\t\t\t<\/div>\n\t\t\t\t<\/div>\n\t\t<div class=\"elementor-element elementor-element-e0c7e0a e-flex e-con-boxed e-con e-parent\" data-id=\"e0c7e0a\" data-element_type=\"container\" data-e-type=\"container\">\n\t\t\t\t\t<div class=\"e-con-inner\">\n\t\t<div class=\"elementor-element elementor-element-0d81f9c e-con-full e-flex e-con e-child\" data-id=\"0d81f9c\" data-element_type=\"container\" data-e-type=\"container\">\n\t\t\t\t<div class=\"elementor-element elementor-element-ea1a392 elementor-widget__width-initial elementor-widget elementor-widget-text-editor\" data-id=\"ea1a392\" data-element_type=\"widget\" data-e-type=\"widget\" data-widget_type=\"text-editor.default\">\n\t\t\t\t\t\t\t\t\t<p><span style=\"font-weight: 400;\">Il ne s'agit pas d'un mariage comme les autres.<\/span><\/p><p><span style=\"font-weight: 400;\">Eh bien... techniquement, c'est le cas, mais avec moins de protocole et plus d'\u00e2me.<\/span><\/p><p><span style=\"font-weight: 400;\">Apr\u00e8s des ann\u00e9es de rires, de voyages, de discussions sur le GPS et des milliers de caf\u00e9s, nous avons d\u00e9cid\u00e9 de nous marier.<\/span><\/p><p><span style=\"font-weight: 400;\">Et parce que nous aimons faire les choses \u00e0 notre mani\u00e8re, nous avons voulu vous les raconter avec style, avec humour et, surtout, avec vous dans l'histoire.<\/span><\/p><p><span style=\"font-weight: 400;\">Vous trouverez ici tout ce qu'il faut savoir pour le grand jour :<\/span><\/p><p><span style=\"font-weight: 400;\">o\u00f9, quand, comment, avec quelles chaussures.<\/span><\/p><p><span style=\"font-weight: 400;\">Mais au-del\u00e0 des d\u00e9tails, ce site web est une invitation \u00e0 c\u00e9l\u00e9brer avec nous la version la plus honn\u00eate de l'amour : celle qui se danse, se rit et se partage.<\/span><\/p><p><span style=\"font-weight: 400;\">Alors, installez-vous confortablement, explorez et pr\u00e9parez-vous...<\/span><\/p><p><span style=\"font-weight: 400;\">parce que les bonnes choses - les vraies bonnes choses - n'ont pas encore commenc\u00e9.\u00a0<\/span><\/p><p><span style=\"font-weight: 400;\">Maria &amp; Arnaud<\/span><\/p>\t\t\t\t\t\t\t\t<\/div>\n\t\t\t\t<\/div>\n\t\t\t\t\t<\/div>\n\t\t\t\t<\/div>\n\t\t\t\t<\/div>","protected":false},"excerpt":{"rendered":"<p>Maria &amp; Arnaud \u00a1NOS CASAMOS! 03.07.2026 Esto no es una boda cualquiera. Bueno&#8230; t\u00e9cnicamente s\u00ed lo es, pero con menos [&hellip;]<\/p>","protected":false},"author":1,"featured_media":0,"parent":0,"menu_order":0,"comment_status":"closed","ping_status":"closed","template":"","meta":{"site-sidebar-layout":"no-sidebar","site-content-layout":"","ast-site-content-layout":"full-width-container","site-content-style":"default","site-sidebar-style":"default","ast-global-header-display":"","ast-banner-title-visibility":"","ast-main-header-display":"","ast-hfb-above-header-display":"","ast-hfb-below-header-display":"","ast-hfb-mobile-header-display":"","site-post-title":"disabled","ast-breadcrumbs-content":"","ast-featured-img":"disabled","footer-sml-layout":"","ast-disable-related-posts":"","theme-transparent-header-meta":"","adv-header-id-meta":"","stick-header-meta":"","header-above-stick-meta":"","header-main-stick-meta":"","header-below-stick-meta":"","astra-migrate-meta-layouts":"default","ast-page-background-enabled":"default","ast-page-background-meta":{"desktop":{"background-color":"var(--ast-global-color-5)","background-image":"","background-repeat":"repeat","background-position":"center center","background-size":"auto","background-attachment":"scroll","background-type":"","background-media":"","overlay-type":"","overlay-color":"","overlay-opacity":"","overlay-gradient":""},"tablet":{"background-color":"","background-image":"","background-repeat":"repeat","background-position":"center center","background-size":"auto","background-attachment":"scroll","background-type":"","background-media":"","overlay-type":"","overlay-color":"","overlay-opacity":"","overlay-gradient":""},"mobile":{"background-color":"","background-image":"","background-repeat":"repeat","background-position":"center center","background-size":"auto","background-attachment":"scroll","background-type":"","background-media":"","overlay-type":"","overlay-color":"","overlay-opacity":"","overlay-gradient":""}},"ast-content-background-meta":{"desktop":{"background-color":"var(--ast-global-color-4)","background-image":"","background-repeat":"repeat","background-position":"center center","background-size":"auto","background-attachment":"scroll","background-type":"","background-media":"","overlay-type":"","overlay-color":"","overlay-opacity":"","overlay-gradient":""},"tablet":{"background-color":"var(--ast-global-color-4)","background-image":"","background-repeat":"repeat","background-position":"center center","background-size":"auto","background-attachment":"scroll","background-type":"","background-media":"","overlay-type":"","overlay-color":"","overlay-opacity":"","overlay-gradient":""},"mobile":{"background-color":"var(--ast-global-color-4)","background-image":"","background-repeat":"repeat","background-position":"center center","background-size":"auto","background-attachment":"scroll","background-type":"","background-media":"","overlay-type":"","overlay-color":"","overlay-opacity":"","overlay-gradient":""}},"footnotes":""},"class_list":["post-66","page","type-page","status-publish","hentry"],"_links":{"self":[{"href":"https:\/\/arnaudandmaria.com\/fr\/wp-json\/wp\/v2\/pages\/66","targetHints":{"allow":["GET"]}}],"collection":[{"href":"https:\/\/arnaudandmaria.com\/fr\/wp-json\/wp\/v2\/pages"}],"about":[{"href":"https:\/\/arnaudandmaria.com\/fr\/wp-json\/wp\/v2\/types\/page"}],"author":[{"embeddable":true,"href":"https:\/\/arnaudandmaria.com\/fr\/wp-json\/wp\/v2\/users\/1"}],"replies":[{"embeddable":true,"href":"https:\/\/arnaudandmaria.com\/fr\/wp-json\/wp\/v2\/comments?post=66"}],"version-history":[{"count":59,"href":"https:\/\/arnaudandmaria.com\/fr\/wp-json\/wp\/v2\/pages\/66\/revisions"}],"predecessor-version":[{"id":550,"href":"https:\/\/arnaudandmaria.com\/fr\/wp-json\/wp\/v2\/pages\/66\/revisions\/550"}],"wp:attachment":[{"href":"https:\/\/arnaudandmaria.com\/fr\/wp-json\/wp\/v2\/media?parent=66"}],"curies":[{"name":"wp","href":"https:\/\/api.w.org\/{rel}","templated":true}]}}