{"id":145,"date":"2025-10-30T08:28:06","date_gmt":"2025-10-30T08:28:06","guid":{"rendered":"https:\/\/arnaudandmaria.com\/?page_id=145"},"modified":"2025-11-04T10:16:19","modified_gmt":"2025-11-04T10:16:19","slug":"brunch","status":"publish","type":"page","link":"https:\/\/arnaudandmaria.com\/fr\/brunch\/","title":{"rendered":"Brunch (le lendemain)"},"content":{"rendered":"<div data-elementor-type=\"wp-page\" data-elementor-id=\"145\" class=\"elementor elementor-145\" data-elementor-post-type=\"page\">\n\t\t\t\t<div class=\"elementor-element elementor-element-9f1eaab e-con-full e-flex e-con e-parent\" data-id=\"9f1eaab\" data-element_type=\"container\" data-e-type=\"container\">\n\t\t\t\t<div class=\"elementor-element elementor-element-82e11cd elementor-widget elementor-widget-image\" data-id=\"82e11cd\" data-element_type=\"widget\" data-e-type=\"widget\" data-widget_type=\"image.default\">\n\t\t\t\t\t\t\t\t\t\t\t\t\t\t\t<img fetchpriority=\"high\" decoding=\"async\" width=\"1024\" height=\"217\" src=\"https:\/\/arnaudandmaria.com\/wp-content\/uploads\/2025\/10\/EUCALIPTO-BANNER-1-1024x217.png\" class=\"attachment-large size-large wp-image-46\" alt=\"\" srcset=\"https:\/\/arnaudandmaria.com\/wp-content\/uploads\/2025\/10\/EUCALIPTO-BANNER-1-1024x217.png 1024w, https:\/\/arnaudandmaria.com\/wp-content\/uploads\/2025\/10\/EUCALIPTO-BANNER-1-300x63.png 300w, https:\/\/arnaudandmaria.com\/wp-content\/uploads\/2025\/10\/EUCALIPTO-BANNER-1-768x162.png 768w, https:\/\/arnaudandmaria.com\/wp-content\/uploads\/2025\/10\/EUCALIPTO-BANNER-1-1536x325.png 1536w, https:\/\/arnaudandmaria.com\/wp-content\/uploads\/2025\/10\/EUCALIPTO-BANNER-1-2048x433.png 2048w\" sizes=\"(max-width: 1024px) 100vw, 1024px\" \/>\t\t\t\t\t\t\t\t\t\t\t\t\t\t\t<\/div>\n\t\t\t\t<\/div>\n\t\t<div class=\"elementor-element elementor-element-48ca11ea e-con-full e-flex e-con e-child\" data-id=\"48ca11ea\" data-element_type=\"container\" data-e-type=\"container\">\n\t\t<div class=\"elementor-element elementor-element-31b475a9 e-con-full elementor-hidden-mobile e-flex e-con e-child\" data-id=\"31b475a9\" data-element_type=\"container\" data-e-type=\"container\">\n\t\t\t\t<div class=\"elementor-element elementor-element-432440f3 elementor-widget elementor-widget-image\" data-id=\"432440f3\" data-element_type=\"widget\" data-e-type=\"widget\" data-widget_type=\"image.default\">\n\t\t\t\t\t\t\t\t\t\t\t\t\t\t\t\t<a href=\"https:\/\/arnaudandmaria.com\/fr\/\">\n\t\t\t\t\t\t\t<img decoding=\"async\" width=\"1021\" height=\"370\" src=\"https:\/\/arnaudandmaria.com\/wp-content\/uploads\/2025\/11\/boton_accueil@300x.png\" class=\"elementor-animation-grow attachment-large size-large wp-image-84\" alt=\"\" srcset=\"https:\/\/arnaudandmaria.com\/wp-content\/uploads\/2025\/11\/boton_accueil@300x.png 1021w, https:\/\/arnaudandmaria.com\/wp-content\/uploads\/2025\/11\/boton_accueil@300x-300x109.png 300w, https:\/\/arnaudandmaria.com\/wp-content\/uploads\/2025\/11\/boton_accueil@300x-768x278.png 768w, https:\/\/arnaudandmaria.com\/wp-content\/uploads\/2025\/11\/boton_accueil@300x-18x7.png 18w\" sizes=\"(max-width: 1021px) 100vw, 1021px\" \/>\t\t\t\t\t\t\t\t<\/a>\n\t\t\t\t\t\t\t\t\t\t\t\t\t\t\t<\/div>\n\t\t\t\t<div class=\"elementor-element elementor-element-6f6ee382 elementor-widget elementor-widget-image\" data-id=\"6f6ee382\" data-element_type=\"widget\" data-e-type=\"widget\" data-widget_type=\"image.default\">\n\t\t\t\t\t\t\t\t\t\t\t\t\t\t\t\t<a href=\"https:\/\/arnaudandmaria.com\/fr\/nuestra-historia\/\">\n\t\t\t\t\t\t\t<img decoding=\"async\" width=\"1021\" height=\"371\" src=\"https:\/\/arnaudandmaria.com\/wp-content\/uploads\/2025\/11\/boton_notrehistoire@300x.png\" class=\"elementor-animation-grow attachment-large size-large wp-image-88\" alt=\"\" srcset=\"https:\/\/arnaudandmaria.com\/wp-content\/uploads\/2025\/11\/boton_notrehistoire@300x.png 1021w, https:\/\/arnaudandmaria.com\/wp-content\/uploads\/2025\/11\/boton_notrehistoire@300x-300x109.png 300w, https:\/\/arnaudandmaria.com\/wp-content\/uploads\/2025\/11\/boton_notrehistoire@300x-768x278.png 768w, https:\/\/arnaudandmaria.com\/wp-content\/uploads\/2025\/11\/boton_notrehistoire@300x-18x7.png 18w\" sizes=\"(max-width: 1021px) 100vw, 1021px\" \/>\t\t\t\t\t\t\t\t<\/a>\n\t\t\t\t\t\t\t\t\t\t\t\t\t\t\t<\/div>\n\t\t\t\t<div class=\"elementor-element elementor-element-6ccbbc6e elementor-widget elementor-widget-image\" data-id=\"6ccbbc6e\" data-element_type=\"widget\" data-e-type=\"widget\" data-widget_type=\"image.default\">\n\t\t\t\t\t\t\t\t\t\t\t\t\t\t\t\t<a href=\"https:\/\/arnaudandmaria.com\/fr\/la-boda\/\">\n\t\t\t\t\t\t\t<img loading=\"lazy\" decoding=\"async\" width=\"1021\" height=\"371\" src=\"https:\/\/arnaudandmaria.com\/wp-content\/uploads\/2025\/11\/boton_notremariage@300x.png\" class=\"elementor-animation-grow attachment-large size-large wp-image-87\" alt=\"\" srcset=\"https:\/\/arnaudandmaria.com\/wp-content\/uploads\/2025\/11\/boton_notremariage@300x.png 1021w, https:\/\/arnaudandmaria.com\/wp-content\/uploads\/2025\/11\/boton_notremariage@300x-300x109.png 300w, https:\/\/arnaudandmaria.com\/wp-content\/uploads\/2025\/11\/boton_notremariage@300x-768x278.png 768w, https:\/\/arnaudandmaria.com\/wp-content\/uploads\/2025\/11\/boton_notremariage@300x-18x7.png 18w\" sizes=\"(max-width: 1021px) 100vw, 1021px\" \/>\t\t\t\t\t\t\t\t<\/a>\n\t\t\t\t\t\t\t\t\t\t\t\t\t\t\t<\/div>\n\t\t\t\t<div class=\"elementor-element elementor-element-4345b821 elementor-widget elementor-widget-image\" data-id=\"4345b821\" data-element_type=\"widget\" data-e-type=\"widget\" data-widget_type=\"image.default\">\n\t\t\t\t\t\t\t\t\t\t\t\t\t\t\t\t<a href=\"https:\/\/arnaudandmaria.com\/fr\/regalo\/\">\n\t\t\t\t\t\t\t<img loading=\"lazy\" decoding=\"async\" width=\"1021\" height=\"370\" src=\"https:\/\/arnaudandmaria.com\/wp-content\/uploads\/2025\/11\/boton_lecadeau@300x.png\" class=\"elementor-animation-grow attachment-large size-large wp-image-89\" alt=\"\" srcset=\"https:\/\/arnaudandmaria.com\/wp-content\/uploads\/2025\/11\/boton_lecadeau@300x.png 1021w, https:\/\/arnaudandmaria.com\/wp-content\/uploads\/2025\/11\/boton_lecadeau@300x-300x109.png 300w, https:\/\/arnaudandmaria.com\/wp-content\/uploads\/2025\/11\/boton_lecadeau@300x-768x278.png 768w, https:\/\/arnaudandmaria.com\/wp-content\/uploads\/2025\/11\/boton_lecadeau@300x-18x7.png 18w\" sizes=\"(max-width: 1021px) 100vw, 1021px\" \/>\t\t\t\t\t\t\t\t<\/a>\n\t\t\t\t\t\t\t\t\t\t\t\t\t\t\t<\/div>\n\t\t\t\t<div class=\"elementor-element elementor-element-20433d10 elementor-widget elementor-widget-image\" data-id=\"20433d10\" data-element_type=\"widget\" data-e-type=\"widget\" data-widget_type=\"image.default\">\n\t\t\t\t\t\t\t\t\t\t\t\t\t\t\t\t<a href=\"https:\/\/arnaudandmaria.com\/fr\/informacion\/\">\n\t\t\t\t\t\t\t<img loading=\"lazy\" decoding=\"async\" width=\"1021\" height=\"371\" src=\"https:\/\/arnaudandmaria.com\/wp-content\/uploads\/2025\/11\/boton_informations@300x.png\" class=\"elementor-animation-grow attachment-large size-large wp-image-85\" alt=\"\" srcset=\"https:\/\/arnaudandmaria.com\/wp-content\/uploads\/2025\/11\/boton_informations@300x.png 1021w, https:\/\/arnaudandmaria.com\/wp-content\/uploads\/2025\/11\/boton_informations@300x-300x109.png 300w, https:\/\/arnaudandmaria.com\/wp-content\/uploads\/2025\/11\/boton_informations@300x-768x278.png 768w, https:\/\/arnaudandmaria.com\/wp-content\/uploads\/2025\/11\/boton_informations@300x-18x7.png 18w\" sizes=\"(max-width: 1021px) 100vw, 1021px\" \/>\t\t\t\t\t\t\t\t<\/a>\n\t\t\t\t\t\t\t\t\t\t\t\t\t\t\t<\/div>\n\t\t\t\t<div class=\"elementor-element elementor-element-68bf622 elementor-widget elementor-widget-image\" data-id=\"68bf622\" data-element_type=\"widget\" data-e-type=\"widget\" data-widget_type=\"image.default\">\n\t\t\t\t\t\t\t\t\t\t\t\t\t\t\t\t<a href=\"https:\/\/arnaudandmaria.com\/fr\/brunch\/\">\n\t\t\t\t\t\t\t<img loading=\"lazy\" decoding=\"async\" width=\"1021\" height=\"370\" src=\"https:\/\/arnaudandmaria.com\/wp-content\/uploads\/2025\/11\/boton_le-brunch@300x.png\" class=\"elementor-animation-grow attachment-large size-large wp-image-234\" alt=\"\" srcset=\"https:\/\/arnaudandmaria.com\/wp-content\/uploads\/2025\/11\/boton_le-brunch@300x.png 1021w, https:\/\/arnaudandmaria.com\/wp-content\/uploads\/2025\/11\/boton_le-brunch@300x-300x109.png 300w, https:\/\/arnaudandmaria.com\/wp-content\/uploads\/2025\/11\/boton_le-brunch@300x-768x278.png 768w, https:\/\/arnaudandmaria.com\/wp-content\/uploads\/2025\/11\/boton_le-brunch@300x-18x7.png 18w\" sizes=\"(max-width: 1021px) 100vw, 1021px\" \/>\t\t\t\t\t\t\t\t<\/a>\n\t\t\t\t\t\t\t\t\t\t\t\t\t\t\t<\/div>\n\t\t\t\t<\/div>\n\t\t\t\t<\/div>\n\t\t<div class=\"elementor-element elementor-element-1be601b e-flex e-con-boxed e-con e-parent\" data-id=\"1be601b\" data-element_type=\"container\" data-e-type=\"container\">\n\t\t\t\t\t<div class=\"e-con-inner\">\n\t\t<div class=\"elementor-element elementor-element-54f90ba e-con-full e-flex e-con e-child\" data-id=\"54f90ba\" data-element_type=\"container\" data-e-type=\"container\">\n\t\t\t\t<div class=\"elementor-element elementor-element-d1c7ab4 elementor-widget elementor-widget-heading\" data-id=\"d1c7ab4\" data-element_type=\"widget\" data-e-type=\"widget\" data-widget_type=\"heading.default\">\n\t\t\t\t\t<h2 class=\"elementor-heading-title elementor-size-default\">Le lendemain : on continue la f\u00eate <\/h2>\t\t\t\t<\/div>\n\t\t\t\t<\/div>\n\t\t<div class=\"elementor-element elementor-element-c403b9a e-con-full e-flex e-con e-child\" data-id=\"c403b9a\" data-element_type=\"container\" data-e-type=\"container\">\n\t\t<div class=\"elementor-element elementor-element-a1f9916 e-con-full e-flex e-con e-child\" data-id=\"a1f9916\" data-element_type=\"container\" data-e-type=\"container\">\n\t\t\t\t<div class=\"elementor-element elementor-element-61636f4 elementor-widget__width-initial elementor-widget-mobile__width-inherit elementor-widget elementor-widget-text-editor\" data-id=\"61636f4\" data-element_type=\"widget\" data-e-type=\"widget\" data-widget_type=\"text-editor.default\">\n\t\t\t\t\t\t\t\t\t<p><span style=\"font-weight: 400;\">Bonjour \u00e0 tous<\/span><\/p><p><span style=\"font-weight: 400;\">Le brunch apr\u00e8s le mariage aura lieu le <strong>samedi 4 juillet<\/strong>, entre <strong>13:00<\/strong> y las <strong>14:00<\/strong>, \u00e0 la <strong>Villa Escorial Park<\/strong>, \u00e0 <strong>San Lorenzo de El Escorial<\/strong> <strong>(Madrid).<\/strong><\/span><\/p><p><span style=\"font-weight: 400;\">Un brunch \u00e0 la <strong>mani\u00e8re espagnole<\/strong>, avec plusieurs <strong>paellas et boissons.<\/strong><\/span><\/p>\t\t\t\t\t\t\t\t<\/div>\n\t\t\t\t<div class=\"elementor-element elementor-element-adeecce elementor-hidden-desktop elementor-hidden-tablet elementor-widget elementor-widget-image\" data-id=\"adeecce\" data-element_type=\"widget\" data-e-type=\"widget\" data-widget_type=\"image.default\">\n\t\t\t\t\t\t\t\t\t\t\t\t\t\t\t<img loading=\"lazy\" decoding=\"async\" width=\"1024\" height=\"1024\" src=\"https:\/\/arnaudandmaria.com\/wp-content\/uploads\/2025\/11\/paella-con-mancha.png\" class=\"attachment-large size-large wp-image-308\" alt=\"\" srcset=\"https:\/\/arnaudandmaria.com\/wp-content\/uploads\/2025\/11\/paella-con-mancha.png 1024w, https:\/\/arnaudandmaria.com\/wp-content\/uploads\/2025\/11\/paella-con-mancha-300x300.png 300w, https:\/\/arnaudandmaria.com\/wp-content\/uploads\/2025\/11\/paella-con-mancha-150x150.png 150w, https:\/\/arnaudandmaria.com\/wp-content\/uploads\/2025\/11\/paella-con-mancha-768x768.png 768w\" sizes=\"(max-width: 1024px) 100vw, 1024px\" \/>\t\t\t\t\t\t\t\t\t\t\t\t\t\t\t<\/div>\n\t\t\t\t<div class=\"elementor-element elementor-element-1ed8ccd elementor-widget__width-initial elementor-widget-mobile__width-inherit elementor-widget elementor-widget-text-editor\" data-id=\"1ed8ccd\" data-element_type=\"widget\" data-e-type=\"widget\" data-widget_type=\"text-editor.default\">\n\t\t\t\t\t\t\t\t\t<p>On dit que les plus belles histoires ne se terminent pas par un \u00ab oui, je le veux \u00bb, mais qu\u2019elles continuent avec des rires, des \u00e9treintes et des toasts partag\u00e9s.<\/p><p>Et la n\u00f4tre ne pouvait pas \u00eatre diff\u00e9rente<\/p><p>Apr\u00e8s tant d\u2019amour, d\u2019\u00e9motion et de danse (bon, et un peu de gueule de bois aussi), nous voulons\u00a0<strong>continuer \u00e0 cr\u00e9er des souvenirs ensemble<\/strong>.<\/p><p>C\u2019est pourquoi, le lendemain du mariage,\u00a0<strong>nous avons lou\u00e9 une maison avec piscine<\/strong>\u00a0pour profiter d\u2019un\u00a0<strong>brunch d\u00e9tendu<\/strong>\u2026sans se presser, sans protocole\u2026 juste de la bonne musique, de la bonne compagnie et beaucoup d\u2019envie de continuer \u00e0 faire la f\u00eate.<\/p><p>Ce sera notre moment pour ralentir, revivre les anecdotes de la veille, partager des photos, des plongeons et des rires.<br \/>Parce que nous pensons que\u00a0<strong>l\u2019amour se c\u00e9l\u00e8bre aussi doucement<\/strong>\u2026avec le soleil du matin, les pieds nus et un verre \u00e0 la main<\/p><p>Alors garde un peu d\u2019\u00e9nergie \u2014 le fil rouge a encore une f\u00eate \u00e0 tisser.<\/p><div>Nous serons ravis de vous y avoir,\u00a0<strong>le lendemain<\/strong>, pour cl\u00f4turer ensemble ce week-end magique comme il a commenc\u00e9 :\u00a0<strong>entour\u00e9s d\u2019amour<\/strong>.&#8211;<\/div>\t\t\t\t\t\t\t\t<\/div>\n\t\t\t\t<\/div>\n\t\t<div class=\"elementor-element elementor-element-26a9b84 e-con-full elementor-hidden-mobile e-flex e-con e-child\" data-id=\"26a9b84\" data-element_type=\"container\" data-e-type=\"container\">\n\t\t\t\t<div class=\"elementor-element elementor-element-81b5813 elementor-widget elementor-widget-image\" data-id=\"81b5813\" data-element_type=\"widget\" data-e-type=\"widget\" data-widget_type=\"image.default\">\n\t\t\t\t\t\t\t\t\t\t\t\t\t\t\t<img loading=\"lazy\" decoding=\"async\" width=\"1024\" height=\"1024\" src=\"https:\/\/arnaudandmaria.com\/wp-content\/uploads\/2025\/11\/paella-con-mancha.png\" class=\"attachment-large size-large wp-image-308\" alt=\"\" srcset=\"https:\/\/arnaudandmaria.com\/wp-content\/uploads\/2025\/11\/paella-con-mancha.png 1024w, https:\/\/arnaudandmaria.com\/wp-content\/uploads\/2025\/11\/paella-con-mancha-300x300.png 300w, https:\/\/arnaudandmaria.com\/wp-content\/uploads\/2025\/11\/paella-con-mancha-150x150.png 150w, https:\/\/arnaudandmaria.com\/wp-content\/uploads\/2025\/11\/paella-con-mancha-768x768.png 768w\" sizes=\"(max-width: 1024px) 100vw, 1024px\" \/>\t\t\t\t\t\t\t\t\t\t\t\t\t\t\t<\/div>\n\t\t\t\t<\/div>\n\t\t\t\t<\/div>\n\t\t\t\t\t<\/div>\n\t\t\t\t<\/div>\n\t\t<div class=\"elementor-element elementor-element-c29897f e-flex e-con-boxed e-con e-parent\" data-id=\"c29897f\" data-element_type=\"container\" data-e-type=\"container\">\n\t\t\t\t\t<div class=\"e-con-inner\">\n\t\t<div class=\"elementor-element elementor-element-6510438 e-con-full e-flex e-con e-child\" data-id=\"6510438\" data-element_type=\"container\" data-e-type=\"container\">\n\t\t\t\t<div class=\"elementor-element elementor-element-9c3b9bc elementor-widget elementor-widget-google_maps\" data-id=\"9c3b9bc\" data-element_type=\"widget\" data-e-type=\"widget\" data-widget_type=\"google_maps.default\">\n\t\t\t\t\t\t\t<div class=\"elementor-custom-embed\">\n\t\t\t<iframe loading=\"lazy\"\n\t\t\t\t\tsrc=\"https:\/\/maps.google.com\/maps?q=Villa%20Escorial%20Park&#038;t=m&#038;z=13&#038;output=embed&#038;iwloc=near\"\n\t\t\t\t\ttitle=\"Villa Escorial Park\"\n\t\t\t\t\taria-label=\"Villa Escorial Park\"\n\t\t\t><\/iframe>\n\t\t<\/div>\n\t\t\t\t\t\t<\/div>\n\t\t\t\t<\/div>\n\t\t<div class=\"elementor-element elementor-element-14b10b6 e-con-full e-flex e-con e-child\" data-id=\"14b10b6\" data-element_type=\"container\" data-e-type=\"container\">\n\t\t\t\t<div class=\"elementor-element elementor-element-a4b2943 elementor-widget elementor-widget-heading\" data-id=\"a4b2943\" data-element_type=\"widget\" data-e-type=\"widget\" data-widget_type=\"heading.default\">\n\t\t\t\t\t<h2 class=\"elementor-heading-title elementor-size-default\">Ce n\u2019est pas fini\u2026 Tu viens ?<\/h2>\t\t\t\t<\/div>\n\t\t\t\t<div class=\"elementor-element elementor-element-0e2612c elementor-button-align-center elementor-widget-mobile__width-initial elementor-widget elementor-widget-form\" data-id=\"0e2612c\" data-element_type=\"widget\" data-e-type=\"widget\" data-settings=\"{&quot;step_next_label&quot;:&quot;Siguiente&quot;,&quot;step_previous_label&quot;:&quot;Anterior&quot;,&quot;button_width&quot;:&quot;100&quot;,&quot;step_type&quot;:&quot;number_text&quot;,&quot;step_icon_shape&quot;:&quot;circle&quot;}\" data-widget_type=\"form.default\">\n\t\t\t\t\t\t\t<form class=\"elementor-form\" method=\"post\" name=\"Confirmaci\u00f3n BRUNCH\" aria-label=\"Confirmaci\u00f3n BRUNCH\" action=\"\">\n\t\t\t<input type=\"hidden\" name=\"post_id\" value=\"145\"\/>\n\t\t\t<input type=\"hidden\" name=\"form_id\" value=\"0e2612c\"\/>\n\t\t\t<input type=\"hidden\" name=\"referer_title\" value=\"El brunch (El d\u00eda despu\u00e9s)\" \/>\n\n\t\t\t\t\t\t\t<input type=\"hidden\" name=\"queried_id\" value=\"145\"\/>\n\t\t\t\n\t\t\t<div class=\"elementor-form-fields-wrapper elementor-labels-above\">\n\t\t\t\t\t\t\t\t<div class=\"elementor-field-type-text elementor-field-group elementor-column elementor-field-group-name elementor-col-100 elementor-field-required elementor-mark-required\">\n\t\t\t\t\t\t\t\t\t\t\t\t<label for=\"form-field-name\" class=\"elementor-field-label\">\n\t\t\t\t\t\t\t\tNom complet\t\t\t\t\t\t\t<\/label>\n\t\t\t\t\t\t\t\t\t\t\t\t\t\t<input size=\"1\" type=\"text\" name=\"form_fields[name]\" id=\"form-field-name\" class=\"elementor-field elementor-size-sm  elementor-field-textual\" required=\"required\">\n\t\t\t\t\t\t\t\t\t\t\t<\/div>\n\t\t\t\t\t\t\t\t<div class=\"elementor-field-type-tel elementor-field-group elementor-column elementor-field-group-field_25c325e elementor-col-50 elementor-field-required elementor-mark-required\">\n\t\t\t\t\t\t\t\t\t\t\t\t<label for=\"form-field-field_25c325e\" class=\"elementor-field-label\">\n\t\t\t\t\t\t\t\tNum\u00e9ro de t\u00e9l\u00e9phone\t\t\t\t\t\t\t<\/label>\n\t\t\t\t\t\t\t\t<input size=\"1\" type=\"tel\" name=\"form_fields[field_25c325e]\" id=\"form-field-field_25c325e\" class=\"elementor-field elementor-size-sm  elementor-field-textual\" required=\"required\" pattern=\"[0-9()#&amp;+*-=.]+\" title=\"Solo se aceptan n\u00fameros y caracteres de tel\u00e9fono (#,-,*,etc).\">\n\n\t\t\t\t\t\t<\/div>\n\t\t\t\t\t\t\t\t<div class=\"elementor-field-type-radio elementor-field-group elementor-column elementor-field-group-field_b79eff0 elementor-col-50 elementor-field-required elementor-mark-required\">\n\t\t\t\t\t\t\t\t\t\t\t\t<label for=\"form-field-field_b79eff0\" class=\"elementor-field-label\">\n\t\t\t\t\t\t\t\tTu viens avec quelqu\u2019un ?\t\t\t\t\t\t\t<\/label>\n\t\t\t\t\t\t<div class=\"elementor-field-subgroup  elementor-subgroup-inline\"><span class=\"elementor-field-option\"><input type=\"radio\" value=\" si\" id=\"form-field-field_b79eff0-0\" name=\"form_fields[field_b79eff0]\" required=\"required\"> <label for=\"form-field-field_b79eff0-0\">oui <\/label><\/span><span class=\"elementor-field-option\"><input type=\"radio\" value=\" no\" id=\"form-field-field_b79eff0-1\" name=\"form_fields[field_b79eff0]\" required=\"required\"> <label for=\"form-field-field_b79eff0-1\">non <\/label><\/span><\/div>\t\t\t\t<\/div>\n\t\t\t\t\t\t\t\t<div class=\"elementor-field-type-text elementor-field-group elementor-column elementor-field-group-field_83633d2 elementor-col-100\">\n\t\t\t\t\t\t\t\t\t\t\t\t<label for=\"form-field-field_83633d2\" class=\"elementor-field-label\">\n\t\t\t\t\t\t\t\tNom complet de l\u2019accompagnant\t\t\t\t\t\t\t<\/label>\n\t\t\t\t\t\t\t\t\t\t\t\t\t\t<input size=\"1\" type=\"text\" name=\"form_fields[field_83633d2]\" id=\"form-field-field_83633d2\" class=\"elementor-field elementor-size-sm  elementor-field-textual\">\n\t\t\t\t\t\t\t\t\t\t\t<\/div>\n\t\t\t\t\t\t\t\t<div class=\"elementor-field-group elementor-column elementor-field-type-submit elementor-col-100 e-form__buttons\">\n\t\t\t\t\t<button class=\"elementor-button elementor-size-sm\" type=\"submit\">\n\t\t\t\t\t\t<span class=\"elementor-button-content-wrapper\">\n\t\t\t\t\t\t\t\t\t\t\t\t\t\t\t\t\t\t\t\t\t\t<span class=\"elementor-button-text\">Envoyer<\/span>\n\t\t\t\t\t\t\t\t\t\t\t\t\t<\/span>\n\t\t\t\t\t<\/button>\n\t\t\t\t<\/div>\n\t\t\t<\/div>\n\t\t<input type=\"hidden\" name=\"trp-form-language\" value=\"fr\"\/><\/form>\n\t\t\t\t\t\t<\/div>\n\t\t\t\t<\/div>\n\t\t\t\t\t<\/div>\n\t\t\t\t<\/div>\n\t\t\t\t<\/div>","protected":false},"excerpt":{"rendered":"<p>El d\u00eda despu\u00e9s: seguimos celebrando Hola a todos El brunch despu\u00e9s de la boda ser\u00e1 el s\u00e1bado 4 de julio, [&hellip;]<\/p>","protected":false},"author":1,"featured_media":0,"parent":0,"menu_order":0,"comment_status":"closed","ping_status":"closed","template":"","meta":{"site-sidebar-layout":"no-sidebar","site-content-layout":"","ast-site-content-layout":"full-width-container","site-content-style":"default","site-sidebar-style":"default","ast-global-header-display":"","ast-banner-title-visibility":"","ast-main-header-display":"","ast-hfb-above-header-display":"","ast-hfb-below-header-display":"","ast-hfb-mobile-header-display":"","site-post-title":"disabled","ast-breadcrumbs-content":"","ast-featured-img":"disabled","footer-sml-layout":"","ast-disable-related-posts":"","theme-transparent-header-meta":"","adv-header-id-meta":"","stick-header-meta":"","header-above-stick-meta":"","header-main-stick-meta":"","header-below-stick-meta":"","astra-migrate-meta-layouts":"default","ast-page-background-enabled":"default","ast-page-background-meta":{"desktop":{"background-color":"var(--ast-global-color-5)","background-image":"","background-repeat":"repeat","background-position":"center center","background-size":"auto","background-attachment":"scroll","background-type":"","background-media":"","overlay-type":"","overlay-color":"","overlay-opacity":"","overlay-gradient":""},"tablet":{"background-color":"","background-image":"","background-repeat":"repeat","background-position":"center center","background-size":"auto","background-attachment":"scroll","background-type":"","background-media":"","overlay-type":"","overlay-color":"","overlay-opacity":"","overlay-gradient":""},"mobile":{"background-color":"","background-image":"","background-repeat":"repeat","background-position":"center center","background-size":"auto","background-attachment":"scroll","background-type":"","background-media":"","overlay-type":"","overlay-color":"","overlay-opacity":"","overlay-gradient":""}},"ast-content-background-meta":{"desktop":{"background-color":"var(--ast-global-color-4)","background-image":"","background-repeat":"repeat","background-position":"center center","background-size":"auto","background-attachment":"scroll","background-type":"","background-media":"","overlay-type":"","overlay-color":"","overlay-opacity":"","overlay-gradient":""},"tablet":{"background-color":"var(--ast-global-color-4)","background-image":"","background-repeat":"repeat","background-position":"center center","background-size":"auto","background-attachment":"scroll","background-type":"","background-media":"","overlay-type":"","overlay-color":"","overlay-opacity":"","overlay-gradient":""},"mobile":{"background-color":"var(--ast-global-color-4)","background-image":"","background-repeat":"repeat","background-position":"center center","background-size":"auto","background-attachment":"scroll","background-type":"","background-media":"","overlay-type":"","overlay-color":"","overlay-opacity":"","overlay-gradient":""}},"footnotes":""},"class_list":["post-145","page","type-page","status-publish","hentry"],"_links":{"self":[{"href":"https:\/\/arnaudandmaria.com\/fr\/wp-json\/wp\/v2\/pages\/145","targetHints":{"allow":["GET"]}}],"collection":[{"href":"https:\/\/arnaudandmaria.com\/fr\/wp-json\/wp\/v2\/pages"}],"about":[{"href":"https:\/\/arnaudandmaria.com\/fr\/wp-json\/wp\/v2\/types\/page"}],"author":[{"embeddable":true,"href":"https:\/\/arnaudandmaria.com\/fr\/wp-json\/wp\/v2\/users\/1"}],"replies":[{"embeddable":true,"href":"https:\/\/arnaudandmaria.com\/fr\/wp-json\/wp\/v2\/comments?post=145"}],"version-history":[{"count":86,"href":"https:\/\/arnaudandmaria.com\/fr\/wp-json\/wp\/v2\/pages\/145\/revisions"}],"predecessor-version":[{"id":563,"href":"https:\/\/arnaudandmaria.com\/fr\/wp-json\/wp\/v2\/pages\/145\/revisions\/563"}],"wp:attachment":[{"href":"https:\/\/arnaudandmaria.com\/fr\/wp-json\/wp\/v2\/media?parent=145"}],"curies":[{"name":"wp","href":"https:\/\/api.w.org\/{rel}","templated":true}]}}